{"id":196,"date":"2020-04-28T20:01:06","date_gmt":"2020-04-28T20:01:06","guid":{"rendered":"https:\/\/amandlacomputer.com\/?page_id=196"},"modified":"2020-08-18T20:03:10","modified_gmt":"2020-08-18T20:03:10","slug":"about-our-company","status":"publish","type":"page","link":"https:\/\/amandlacomputer.com\/fr\/about-our-company\/","title":{"rendered":"More About Amandla Computer"},"content":{"rendered":"<p>Amandla travaille avec un r\u00e9seau d\u2019une dizaine de professionnels seniors dans le domaine des technologies de l\u2019information. Ces consultants hautement qualifi\u00e9s, sont  issus de la Diaspora Africaine et sont bas\u00e9s  principalement en Am\u00e9rique du Nord, Europe et Afrique de l'Ouest.<\/p>\n<ul>\n<li>Mouhamadou LO, Fondateur du cabinet, est sp\u00e9cialis\u00e9 en \u00abIntelligence Artificielle et Programmation Avanc\u00e9e\u00bb, de l\u2019ESIEE, Paris (Ecole Sup\u00e9rieure d\u2019Ing\u00e9nieurs en Electronique et Electrotechnique, 1991)<\/li>\n<li>Mouhamadou est aussi titulaire d'un DEA (Dipl\u00f4me d'Etudes Approfondies) en Micro-\u00e9lectronique avec sp\u00e9cialisation en Semi-conducteurs, de l'USTL (Universit\u00e9 des Sciences et Techniques du Languedoc, Montpellier, France, 1990).<\/li>\n<\/ul>\n<p>Mouhamadou poss\u00e8de plus de 25 ans d'exp\u00e9rience nord-am\u00e9ricaine, en informatique et en gestion de projets informatiques. Il est formateur AGILE certifi\u00e9 avec Scrumstudy.<\/p>\n<ul>\n<li>En tant que formateur certifi\u00e9 avec ScrumStudy, Amandla est une organisation officiellement autoris\u00e9e \u00e0 dispenser des formations Scrum et Agile. SCRUMstudy \u2122 est un organisme mondial d'accr\u00e9ditation pour les certifications Scrum et Agile. Vous savez que vous \u00eates entre d'excellentes mains \u00e9tant donn\u00e9 que SCRUMstudy  est financ\u00e9 par Sequoia Capital, la m\u00eame soci\u00e9t\u00e9 qui a investi dans plus de 250 entreprises (Apple, Google, Oracle, YouTube, Instagram, Yahoo, WhatsApp etc.)<\/li>\n<\/ul>","protected":false},"excerpt":{"rendered":"<p>Amandla accesses a network of dozens of highly skilled Senior IT Professionals and consultants from the African Diaspora primarily based in North America and Europe. Mouhamadou LO, Founder of the firm, is specialized in \u00ab\u00a0Artificial Intelligence and Advanced Programming \u00bb, from ESIEE, Paris (Ecole Sup\u00e9rieure d\u2019Ing\u00e9nieurs en Electronique et Electrotechnique, 1991). Mouhamadou holds a master\u2019s [&hellip;]<\/p>","protected":false},"author":1,"featured_media":41,"parent":0,"menu_order":0,"comment_status":"closed","ping_status":"closed","template":"","meta":{"footnotes":""},"class_list":["post-196","page","type-page","status-publish","has-post-thumbnail","hentry"],"_links":{"self":[{"href":"https:\/\/amandlacomputer.com\/fr\/wp-json\/wp\/v2\/pages\/196","targetHints":{"allow":["GET"]}}],"collection":[{"href":"https:\/\/amandlacomputer.com\/fr\/wp-json\/wp\/v2\/pages"}],"about":[{"href":"https:\/\/amandlacomputer.com\/fr\/wp-json\/wp\/v2\/types\/page"}],"author":[{"embeddable":true,"href":"https:\/\/amandlacomputer.com\/fr\/wp-json\/wp\/v2\/users\/1"}],"replies":[{"embeddable":true,"href":"https:\/\/amandlacomputer.com\/fr\/wp-json\/wp\/v2\/comments?post=196"}],"version-history":[{"count":9,"href":"https:\/\/amandlacomputer.com\/fr\/wp-json\/wp\/v2\/pages\/196\/revisions"}],"predecessor-version":[{"id":1077,"href":"https:\/\/amandlacomputer.com\/fr\/wp-json\/wp\/v2\/pages\/196\/revisions\/1077"}],"wp:featuredmedia":[{"embeddable":true,"href":"https:\/\/amandlacomputer.com\/fr\/wp-json\/wp\/v2\/media\/41"}],"wp:attachment":[{"href":"https:\/\/amandlacomputer.com\/fr\/wp-json\/wp\/v2\/media?parent=196"}],"curies":[{"name":"wp","href":"https:\/\/api.w.org\/{rel}","templated":true}]}}