{"id":516,"date":"2020-05-19T13:16:41","date_gmt":"2020-05-19T13:16:41","guid":{"rendered":"https:\/\/amandlacomputer.com\/?page_id=516"},"modified":"2020-05-30T20:07:57","modified_gmt":"2020-05-30T20:07:57","slug":"scrum-mobile-app","status":"publish","type":"page","link":"https:\/\/amandlacomputer.com\/fr\/scrum-mobile-app\/","title":{"rendered":"Apprendre \u00e0 partir de votre t\u00e9l\u00e9phone intelligent"},"content":{"rendered":"<p>Acc\u00e9dez \u00e0 des ressources pour s'auto-former\u00e0 l'aide de l'application mobile de notre partenaire<\/p>\n<p>&nbsp;<\/p>\n<div style=\"width: 640px;\" class=\"wp-video\"><!--[if lt IE 9]><script>document.createElement('video');<\/script><![endif]-->\n<video class=\"wp-video-shortcode\" id=\"video-516-1\" width=\"640\" height=\"360\" preload=\"metadata\" controls=\"controls\"><source type=\"video\/mp4\" src=\"https:\/\/amandlacomputer.com\/wp-content\/uploads\/2020\/04\/VMEdu_Mobile_App.mp4?_=1\" \/><a href=\"https:\/\/amandlacomputer.com\/wp-content\/uploads\/2020\/04\/VMEdu_Mobile_App.mp4\">https:\/\/amandlacomputer.com\/wp-content\/uploads\/2020\/04\/VMEdu_Mobile_App.mp4<\/a><\/video><\/div>\n<p>&nbsp;<\/p>","protected":false},"excerpt":{"rendered":"<p>Acc\u00e9dez \u00e0 des ressources pour s'auto-former\u00e0 l'aide de l'application mobile de notre partenaire &nbsp; &nbsp;<\/p>","protected":false},"author":1,"featured_media":0,"parent":0,"menu_order":0,"comment_status":"closed","ping_status":"closed","template":"video.php","meta":{"footnotes":""},"class_list":["post-516","page","type-page","status-publish","hentry"],"_links":{"self":[{"href":"https:\/\/amandlacomputer.com\/fr\/wp-json\/wp\/v2\/pages\/516","targetHints":{"allow":["GET"]}}],"collection":[{"href":"https:\/\/amandlacomputer.com\/fr\/wp-json\/wp\/v2\/pages"}],"about":[{"href":"https:\/\/amandlacomputer.com\/fr\/wp-json\/wp\/v2\/types\/page"}],"author":[{"embeddable":true,"href":"https:\/\/amandlacomputer.com\/fr\/wp-json\/wp\/v2\/users\/1"}],"replies":[{"embeddable":true,"href":"https:\/\/amandlacomputer.com\/fr\/wp-json\/wp\/v2\/comments?post=516"}],"version-history":[{"count":6,"href":"https:\/\/amandlacomputer.com\/fr\/wp-json\/wp\/v2\/pages\/516\/revisions"}],"predecessor-version":[{"id":628,"href":"https:\/\/amandlacomputer.com\/fr\/wp-json\/wp\/v2\/pages\/516\/revisions\/628"}],"wp:attachment":[{"href":"https:\/\/amandlacomputer.com\/fr\/wp-json\/wp\/v2\/media?parent=516"}],"curies":[{"name":"wp","href":"https:\/\/api.w.org\/{rel}","templated":true}]}}