{"id":523,"date":"2025-05-19T13:22:38","date_gmt":"2025-05-19T13:22:38","guid":{"rendered":"https:\/\/amandlacomputer.com\/?page_id=523"},"modified":"2025-05-30T19:49:53","modified_gmt":"2025-05-30T19:49:53","slug":"what-is-scrum","status":"publish","type":"page","link":"https:\/\/amandlacomputer.com\/fr\/what-is-scrum\/","title":{"rendered":"Video Haute Definition Sur Scrum"},"content":{"rendered":"<div style=\"width: 640px;\" class=\"wp-video\"><!--[if lt IE 9]><script>document.createElement('video');<\/script><![endif]-->\n<video class=\"wp-video-shortcode\" id=\"video-523-1\" width=\"640\" height=\"360\" preload=\"metadata\" controls=\"controls\"><source type=\"video\/mp4\" src=\"https:\/\/amandlacomputer.com\/wp-content\/uploads\/2020\/04\/Scrum_In_6_Minutes-1.mp4?_=1\" \/><a href=\"https:\/\/amandlacomputer.com\/wp-content\/uploads\/2020\/04\/Scrum_In_6_Minutes-1.mp4\">https:\/\/amandlacomputer.com\/wp-content\/uploads\/2020\/04\/Scrum_In_6_Minutes-1.mp4<\/a><\/video><\/div>\n<p style=\"text-align: left;\"><em><br \/>\nScrum est le framework Agile le plus populaire. Il s'agit d'un syst\u00e8me adaptatif, it\u00e9ratif, rapide, flexible.<br \/>\n<\/em><em>Une m\u00e9thodologie efficace con\u00e7ue pour offrir une valeur ajout\u00e9e significative de fa\u00e7on rapide et tout au long d'un projet.<\/em><\/p>","protected":false},"excerpt":{"rendered":"<p>Scrum is the most popular Agile framework. It is an adaptive, iterative, fast, flexible, and effective methodology designed to deliver significant value quickly and throughout a project.<\/p>","protected":false},"author":1,"featured_media":0,"parent":0,"menu_order":0,"comment_status":"closed","ping_status":"closed","template":"video.php","meta":{"footnotes":""},"class_list":["post-523","page","type-page","status-publish","hentry"],"_links":{"self":[{"href":"https:\/\/amandlacomputer.com\/fr\/wp-json\/wp\/v2\/pages\/523","targetHints":{"allow":["GET"]}}],"collection":[{"href":"https:\/\/amandlacomputer.com\/fr\/wp-json\/wp\/v2\/pages"}],"about":[{"href":"https:\/\/amandlacomputer.com\/fr\/wp-json\/wp\/v2\/types\/page"}],"author":[{"embeddable":true,"href":"https:\/\/amandlacomputer.com\/fr\/wp-json\/wp\/v2\/users\/1"}],"replies":[{"embeddable":true,"href":"https:\/\/amandlacomputer.com\/fr\/wp-json\/wp\/v2\/comments?post=523"}],"version-history":[{"count":12,"href":"https:\/\/amandlacomputer.com\/fr\/wp-json\/wp\/v2\/pages\/523\/revisions"}],"predecessor-version":[{"id":622,"href":"https:\/\/amandlacomputer.com\/fr\/wp-json\/wp\/v2\/pages\/523\/revisions\/622"}],"wp:attachment":[{"href":"https:\/\/amandlacomputer.com\/fr\/wp-json\/wp\/v2\/media?parent=523"}],"curies":[{"name":"wp","href":"https:\/\/api.w.org\/{rel}","templated":true}]}}